{"id":844,"date":"2021-05-24T11:44:29","date_gmt":"2021-05-24T11:44:29","guid":{"rendered":"https:\/\/hommeahomme.ch\/pierre-pantillon\/"},"modified":"2023-11-13T19:14:16","modified_gmt":"2023-11-13T19:14:16","slug":"pierre-pantillon","status":"publish","type":"page","link":"https:\/\/hommeahomme.ch\/en\/pierre-pantillon\/","title":{"rendered":"Pierre Pantillon"},"content":{"rendered":"\n<p><strong>In the simplicity of masculine contact, I propose to accompany you towards inner body-sex-heart-soul-spirit harmony.<\/strong><\/p>\n\n<p>Through various and complementary approaches, I offer you treatments and massages to savour, explore, unlock, transform within &#8211; for you to thrive!<\/p>\n\n<p><p>In a dynamic and reassuring setting that fully recognises you in a caring way, I welcome you in your entirety. In this space of trust, there is room for the word as well as for the body, the sexual body as well as for the mental, emotional and subtle bodies. Well-being and pleasure establish a &#8220;basic comfort&#8221;.<\/p><p><strong>Because it is powerfully renewing, fulfilling, enjoyable, it is also profoundly liberating. \u00a0In this dynamic you can then meet your fears and wounds and truly move through them.<\/strong><\/p><p><strong>Through such a &#8220;therapeutic connection&#8221;, these experiences are a source of quiet joy, and keys to your evolution and deep transformation.<\/strong><\/p><\/p>\n\n<h2 class=\"wp-block-heading\">Fran\u00e7ais &#8211; English &#8211; Deutsch &#8211; Italiano<\/h2>\n\n<figure class=\"wp-block-image size-large\"><img loading=\"lazy\" decoding=\"async\" width=\"768\" height=\"1024\" src=\"http:\/\/hommeahomme.ch\/wp-content\/uploads\/2021\/05\/ezgif.com-webp-to-jpg-768x1024.jpg\" alt=\"\" class=\"wp-image-37\"\/><\/figure>\n\n<h2 class=\"wp-block-heading\" id=\"mon-parcours\">My background<\/h2>\n\n<p><p><strong>My professional career is based on solid training, nourished by my life experiences, and rooted in experiences such as yoga, tantra, and men&#8217;s circles (MKP) that have been fundamental for me.<\/strong><\/p><\/p>\n\n<p><p>Singer, singing teacher, I study curative education and work at the same time as a specialised educator (mental, physical, and psychic handicap) for 7 years.<\/p><p>The practice of singing and the work with people deprived of verbal language led me to different &#8220;mind-body&#8221; trainings.<\/p><p>In 2016, I set up as a bodywork practitioner, while continuing my training.<\/p><\/p>\n\n<h2 class=\"wp-block-heading\" id=\"diplomes-et-certifications\">Dipl\u00f4mes et certifications:<\/h2>\n\n<p><p>2004 <strong>Massages sp\u00e9cialis\u00e9s<\/strong> (Oliverio, Vevey)<br\/>2006 <strong>Harmonisation du corps sensible M\u00e9thode R\u00e9ss\u00e9guier <\/strong>(Sch\u00f6nried).<br\/>2019 <strong>Toucher-massage, massage bien-\u00eatre<\/strong>, <strong>massage sportif<\/strong>, <strong>massage &#8220;personnes fragilis\u00e9es&#8221;<\/strong> (Institut de Formation Jo\u00ebl Savatovski, Dijon)<br\/>2021 <strong>Massage th\u00e9rapeutique et sportif classique<\/strong> (Vitalit\u00e9, Sierre)<br\/>2022 <strong>Reconnaissance ASCA<\/strong><\/p><\/p>\n\n<h2 class=\"wp-block-heading\">My values: &#8220;sacred masculine &#8211; fulfilled masculine&#8221;.<\/h2>\n\n<p><p><strong>Experiencing that it&#8217;s good to be a man allows you to (re)find your grounding, your confidence, and your energy as a MAN.<\/strong><\/p><\/p>\n\n<figure class=\"wp-block-gallery has-nested-images columns-default is-cropped wp-block-gallery-1 is-layout-flex wp-block-gallery-is-layout-flex\">\n<figure class=\"wp-block-image size-large\"><img loading=\"lazy\" decoding=\"async\" width=\"720\" height=\"960\" data-id=\"37\" src=\"http:\/\/hommeahomme.ch\/wp-content\/uploads\/2021\/05\/ezgif.com-webp-to-jpg-e1627373824593.jpg\" alt=\"\" class=\"wp-image-37\"\/><\/figure>\n\n\n\n<figure class=\"wp-block-image size-large\"><img loading=\"lazy\" decoding=\"async\" width=\"1280\" height=\"960\" data-id=\"186\" src=\"http:\/\/hommeahomme.ch\/wp-content\/uploads\/2021\/10\/20180121-135627A.jpg\" alt=\"Well-being massage for men. Through a kind, reassuring, sensual or erotic touch... the plexus helps men to open their hearts, often locked up due to neglect...\" class=\"wp-image-186\" srcset=\"https:\/\/hommeahomme.ch\/wp-content\/uploads\/2021\/10\/20180121-135627A.jpg 1280w, https:\/\/hommeahomme.ch\/wp-content\/uploads\/2021\/10\/20180121-135627A-300x225.jpg 300w, https:\/\/hommeahomme.ch\/wp-content\/uploads\/2021\/10\/20180121-135627A-1024x768.jpg 1024w, https:\/\/hommeahomme.ch\/wp-content\/uploads\/2021\/10\/20180121-135627A-768x576.jpg 768w, https:\/\/hommeahomme.ch\/wp-content\/uploads\/2021\/10\/20180121-135627A-1536x1152.jpg 1536w, https:\/\/hommeahomme.ch\/wp-content\/uploads\/2021\/10\/20180121-135627A-2048x1536.jpg 2048w\" sizes=\"auto, (max-width: 1280px) 100vw, 1280px\" \/><\/figure>\n\n\n\n<figure class=\"wp-block-image size-large\"><img loading=\"lazy\" decoding=\"async\" width=\"1280\" height=\"960\" data-id=\"350\" src=\"http:\/\/hommeahomme.ch\/wp-content\/uploads\/2022\/02\/20180121-132805A-1.jpg\" alt=\"Well-being massage, men, hand massage, men. Hand massage quickly brings relief and well-being. Very simple to perform, it can be an ideal introduction for an elderly person or someone who is shy with touch.\" class=\"wp-image-350\" srcset=\"https:\/\/hommeahomme.ch\/wp-content\/uploads\/2022\/02\/20180121-132805A-1.jpg 1280w, https:\/\/hommeahomme.ch\/wp-content\/uploads\/2022\/02\/20180121-132805A-1-300x225.jpg 300w, https:\/\/hommeahomme.ch\/wp-content\/uploads\/2022\/02\/20180121-132805A-1-1024x768.jpg 1024w, https:\/\/hommeahomme.ch\/wp-content\/uploads\/2022\/02\/20180121-132805A-1-768x576.jpg 768w, https:\/\/hommeahomme.ch\/wp-content\/uploads\/2022\/02\/20180121-132805A-1-1536x1152.jpg 1536w, https:\/\/hommeahomme.ch\/wp-content\/uploads\/2022\/02\/20180121-132805A-1-2048x1536.jpg 2048w\" sizes=\"auto, (max-width: 1280px) 100vw, 1280px\" \/><\/figure>\n<\/figure>\n\n<h2 class=\"wp-block-heading\" id=\"homme-masculin-virilite-machisme-masculin-sacre\">Man, masculinity, virility, machismo, sacred masculine &#8230;<\/h2>\n\n<p><p>What kind of man do I want to be? Thanks to the evolution of the female condition, more than ever today, it is clear that I no longer automatically fit into the normal stereotypes. This is an opportunity &#8230; but if I am no longer the &#8216;macho lambda&#8217;: which man should I become? If I reject the masculine because I associate it with machismo, which fathers\/peers can I draw inspiration from? Is the masculine characterised in opposition to the feminine?<\/p><\/p>\n\n<p><p><strong>Only to the extent that I am at peace with myself as a man can I fully encounter the Other, man, woman, trans, whatever.<\/strong><\/p><\/p>\n\n<h2 class=\"wp-block-heading\" id=\"vulnerabilite-competition-connexion-reconnaissance\">Vulnerability, competition, connection, recognition&#8230;<\/h2>\n\n<p>It was at a Tantra workshop between men that my heart opened to men and therefore to the man I am. Until then, like most men, I didn&#8217;t even know to what extent my relationship with men in general was driven by fear in the form of distancing, competition, feelings of inferiority, escape and\/or contempt. Since vulnerability was denied, being authentic was impossible, living well and whole was therefore unlikely.<\/p>\n\n<h2 class=\"wp-block-heading\" id=\"intimite-confiance-vulnerabilite-puissance-veritable\">Intimacy, trust, vulnerability&#8230;real power!<\/h2>\n\n<p>Fear blocks tenderness, and without tenderness there is no intimacy! Intimacy allows unconditional acceptance and builds trust. Trust allows vulnerability.<strong> And vulnerability releases true power!<\/strong><\/p>\n\n<h2 class=\"wp-block-heading\" id=\"masculin-blesse-comment-je-re-trouve-la-connexion-au-masculin\">Wounded Masculine: how do I (re)find connection to the Masculine and to People, on all levels? <\/h2>\n\n<p>It is about being able to (re)connect to the masculine and to men, both on a personal level, through your body, your identity, your affiliations, and on a social level, where you see men as &#8220;family&#8221;.<\/p>\n\n<h2 class=\"wp-block-heading\">Personal counselling and men&#8217;s groups<\/h2>\n\n<p>In addition to individual counselling, it is also important for you to be able to get in touch with peers, brothers and fathers!<\/p>\n\n<p>I share with you my experiences with men&#8217;s groups, both &#8220;social&#8221; and &#8220;tribal&#8221;: MKP (ManKindProject), Tantra, Tantra-men.<\/p>\n\n<p>I regularly organise workshops and meetings between men.&#13;\n&#13;\nFinally, there are many men &#8216;on the path&#8217;, the possibilities are numerous. Here is another link to some of the <a href=\"https:\/\/hommeahomme.ch\/en\/pierre-pantillon\/the-thriving-man-sacred-masculine\/\">founding texts<\/a>.<\/p>\n\n<figure class=\"wp-block-image size-large\"><img loading=\"lazy\" decoding=\"async\" width=\"768\" height=\"1024\" src=\"http:\/\/hommeahomme.ch\/wp-content\/uploads\/2021\/10\/20180121-132130A-768x1024.jpg\" alt=\"The experience of surrendering to a loving and reassuring presence allows us to recover and regenerate fully:\" class=\"wp-image-182\" srcset=\"https:\/\/hommeahomme.ch\/wp-content\/uploads\/2021\/10\/20180121-132130A-768x1024.jpg 768w, https:\/\/hommeahomme.ch\/wp-content\/uploads\/2021\/10\/20180121-132130A-225x300.jpg 225w, https:\/\/hommeahomme.ch\/wp-content\/uploads\/2021\/10\/20180121-132130A-1152x1536.jpg 1152w, https:\/\/hommeahomme.ch\/wp-content\/uploads\/2021\/10\/20180121-132130A-1536x2048.jpg 1536w, https:\/\/hommeahomme.ch\/wp-content\/uploads\/2021\/10\/20180121-132130A.jpg 960w\" sizes=\"auto, (max-width: 768px) 100vw, 768px\" \/><\/figure>\n","protected":false},"excerpt":{"rendered":"<p>In the simplicity of masculine contact, I propose to accompany you towards inner body-sex-heart-soul-spirit harmony. Through various and complementary approaches, I offer you treatments and massages to savour, explore, unlock, transform within &#8211; for you to thrive! In a dynamic and reassuring setting that fully recognises you in a caring way, I welcome you in [&hellip;]<\/p>\n","protected":false},"author":1,"featured_media":756,"parent":0,"menu_order":0,"comment_status":"closed","ping_status":"closed","template":"","meta":{"_acf_changed":false,"footnotes":""},"class_list":["post-844","page","type-page","status-publish","has-post-thumbnail","hentry"],"acf":[],"yoast_head":"<!-- This site is optimized with the Yoast SEO plugin v27.4 - https:\/\/yoast.com\/product\/yoast-seo-wordpress\/ -->\n<title>Pierre Pantillon - Homme \u00e0 homme<\/title>\n<meta name=\"description\" content=\"Masseur, bodywork practitioner, singer and singing teacher: Pierre Pantillon is passionate about the quality of relationships and authentic encounters.\" \/>\n<meta name=\"robots\" content=\"index, follow, max-snippet:-1, max-image-preview:large, max-video-preview:-1\" \/>\n<link rel=\"canonical\" href=\"https:\/\/hommeahomme.ch\/en\/pierre-pantillon\/\" \/>\n<meta property=\"og:locale\" content=\"en_US\" \/>\n<meta property=\"og:type\" content=\"article\" \/>\n<meta property=\"og:title\" content=\"Pierre Pantillon - Homme \u00e0 homme\" \/>\n<meta property=\"og:description\" content=\"Masseur, bodywork practitioner, singer and singing teacher: Pierre Pantillon is passionate about the quality of relationships and authentic encounters.\" \/>\n<meta property=\"og:url\" content=\"https:\/\/hommeahomme.ch\/en\/pierre-pantillon\/\" \/>\n<meta property=\"og:site_name\" content=\"Homme \u00e0 homme\" \/>\n<meta property=\"article:modified_time\" content=\"2023-11-13T19:14:16+00:00\" \/>\n<meta property=\"og:image\" content=\"https:\/\/hommeahomme.ch\/wp-content\/uploads\/2022\/03\/thumbnail-12.jpg\" \/>\n\t<meta property=\"og:image:width\" content=\"628\" \/>\n\t<meta property=\"og:image:height\" content=\"435\" \/>\n\t<meta property=\"og:image:type\" content=\"image\/jpeg\" \/>\n<meta name=\"twitter:card\" content=\"summary_large_image\" \/>\n<meta name=\"twitter:label1\" content=\"Est. reading time\" \/>\n\t<meta name=\"twitter:data1\" content=\"3 minutes\" \/>\n<script type=\"application\/ld+json\" class=\"yoast-schema-graph\">{\"@context\":\"https:\\\/\\\/schema.org\",\"@graph\":[{\"@type\":\"WebPage\",\"@id\":\"https:\\\/\\\/hommeahomme.ch\\\/en\\\/pierre-pantillon\\\/\",\"url\":\"https:\\\/\\\/hommeahomme.ch\\\/en\\\/pierre-pantillon\\\/\",\"name\":\"Pierre Pantillon - Homme \u00e0 homme\",\"isPartOf\":{\"@id\":\"https:\\\/\\\/hommeahomme.ch\\\/en\\\/#website\"},\"primaryImageOfPage\":{\"@id\":\"https:\\\/\\\/hommeahomme.ch\\\/en\\\/pierre-pantillon\\\/#primaryimage\"},\"image\":{\"@id\":\"https:\\\/\\\/hommeahomme.ch\\\/en\\\/pierre-pantillon\\\/#primaryimage\"},\"thumbnailUrl\":\"https:\\\/\\\/hommeahomme.ch\\\/wp-content\\\/uploads\\\/2022\\\/03\\\/thumbnail-12.jpg\",\"datePublished\":\"2021-05-24T11:44:29+00:00\",\"dateModified\":\"2023-11-13T19:14:16+00:00\",\"description\":\"Masseur, bodywork practitioner, singer and singing teacher: Pierre Pantillon is passionate about the quality of relationships and authentic encounters.\",\"breadcrumb\":{\"@id\":\"https:\\\/\\\/hommeahomme.ch\\\/en\\\/pierre-pantillon\\\/#breadcrumb\"},\"inLanguage\":\"en-US\",\"potentialAction\":[{\"@type\":\"ReadAction\",\"target\":[\"https:\\\/\\\/hommeahomme.ch\\\/en\\\/pierre-pantillon\\\/\"]}]},{\"@type\":\"ImageObject\",\"inLanguage\":\"en-US\",\"@id\":\"https:\\\/\\\/hommeahomme.ch\\\/en\\\/pierre-pantillon\\\/#primaryimage\",\"url\":\"https:\\\/\\\/hommeahomme.ch\\\/wp-content\\\/uploads\\\/2022\\\/03\\\/thumbnail-12.jpg\",\"contentUrl\":\"https:\\\/\\\/hommeahomme.ch\\\/wp-content\\\/uploads\\\/2022\\\/03\\\/thumbnail-12.jpg\",\"width\":628,\"height\":435,\"caption\":\"pierre pantillon\"},{\"@type\":\"BreadcrumbList\",\"@id\":\"https:\\\/\\\/hommeahomme.ch\\\/en\\\/pierre-pantillon\\\/#breadcrumb\",\"itemListElement\":[{\"@type\":\"ListItem\",\"position\":1,\"name\":\"Accueil\",\"item\":\"https:\\\/\\\/hommeahomme.ch\\\/en\\\/\"},{\"@type\":\"ListItem\",\"position\":2,\"name\":\"Pierre Pantillon\"}]},{\"@type\":\"WebSite\",\"@id\":\"https:\\\/\\\/hommeahomme.ch\\\/en\\\/#website\",\"url\":\"https:\\\/\\\/hommeahomme.ch\\\/en\\\/\",\"name\":\"Homme \u00e0 homme\",\"description\":\"\",\"potentialAction\":[{\"@type\":\"SearchAction\",\"target\":{\"@type\":\"EntryPoint\",\"urlTemplate\":\"https:\\\/\\\/hommeahomme.ch\\\/en\\\/?s={search_term_string}\"},\"query-input\":{\"@type\":\"PropertyValueSpecification\",\"valueRequired\":true,\"valueName\":\"search_term_string\"}}],\"inLanguage\":\"en-US\"}]}<\/script>\n<!-- \/ Yoast SEO plugin. -->","yoast_head_json":{"title":"Pierre Pantillon - Homme \u00e0 homme","description":"Masseur, bodywork practitioner, singer and singing teacher: Pierre Pantillon is passionate about the quality of relationships and authentic encounters.","robots":{"index":"index","follow":"follow","max-snippet":"max-snippet:-1","max-image-preview":"max-image-preview:large","max-video-preview":"max-video-preview:-1"},"canonical":"https:\/\/hommeahomme.ch\/en\/pierre-pantillon\/","og_locale":"en_US","og_type":"article","og_title":"Pierre Pantillon - Homme \u00e0 homme","og_description":"Masseur, bodywork practitioner, singer and singing teacher: Pierre Pantillon is passionate about the quality of relationships and authentic encounters.","og_url":"https:\/\/hommeahomme.ch\/en\/pierre-pantillon\/","og_site_name":"Homme \u00e0 homme","article_modified_time":"2023-11-13T19:14:16+00:00","og_image":[{"width":628,"height":435,"url":"https:\/\/hommeahomme.ch\/wp-content\/uploads\/2022\/03\/thumbnail-12.jpg","type":"image\/jpeg"}],"twitter_card":"summary_large_image","twitter_misc":{"Est. reading time":"3 minutes"},"schema":{"@context":"https:\/\/schema.org","@graph":[{"@type":"WebPage","@id":"https:\/\/hommeahomme.ch\/en\/pierre-pantillon\/","url":"https:\/\/hommeahomme.ch\/en\/pierre-pantillon\/","name":"Pierre Pantillon - Homme \u00e0 homme","isPartOf":{"@id":"https:\/\/hommeahomme.ch\/en\/#website"},"primaryImageOfPage":{"@id":"https:\/\/hommeahomme.ch\/en\/pierre-pantillon\/#primaryimage"},"image":{"@id":"https:\/\/hommeahomme.ch\/en\/pierre-pantillon\/#primaryimage"},"thumbnailUrl":"https:\/\/hommeahomme.ch\/wp-content\/uploads\/2022\/03\/thumbnail-12.jpg","datePublished":"2021-05-24T11:44:29+00:00","dateModified":"2023-11-13T19:14:16+00:00","description":"Masseur, bodywork practitioner, singer and singing teacher: Pierre Pantillon is passionate about the quality of relationships and authentic encounters.","breadcrumb":{"@id":"https:\/\/hommeahomme.ch\/en\/pierre-pantillon\/#breadcrumb"},"inLanguage":"en-US","potentialAction":[{"@type":"ReadAction","target":["https:\/\/hommeahomme.ch\/en\/pierre-pantillon\/"]}]},{"@type":"ImageObject","inLanguage":"en-US","@id":"https:\/\/hommeahomme.ch\/en\/pierre-pantillon\/#primaryimage","url":"https:\/\/hommeahomme.ch\/wp-content\/uploads\/2022\/03\/thumbnail-12.jpg","contentUrl":"https:\/\/hommeahomme.ch\/wp-content\/uploads\/2022\/03\/thumbnail-12.jpg","width":628,"height":435,"caption":"pierre pantillon"},{"@type":"BreadcrumbList","@id":"https:\/\/hommeahomme.ch\/en\/pierre-pantillon\/#breadcrumb","itemListElement":[{"@type":"ListItem","position":1,"name":"Accueil","item":"https:\/\/hommeahomme.ch\/en\/"},{"@type":"ListItem","position":2,"name":"Pierre Pantillon"}]},{"@type":"WebSite","@id":"https:\/\/hommeahomme.ch\/en\/#website","url":"https:\/\/hommeahomme.ch\/en\/","name":"Homme \u00e0 homme","description":"","potentialAction":[{"@type":"SearchAction","target":{"@type":"EntryPoint","urlTemplate":"https:\/\/hommeahomme.ch\/en\/?s={search_term_string}"},"query-input":{"@type":"PropertyValueSpecification","valueRequired":true,"valueName":"search_term_string"}}],"inLanguage":"en-US"}]}},"_links":{"self":[{"href":"https:\/\/hommeahomme.ch\/en\/wp-json\/wp\/v2\/pages\/844","targetHints":{"allow":["GET"]}}],"collection":[{"href":"https:\/\/hommeahomme.ch\/en\/wp-json\/wp\/v2\/pages"}],"about":[{"href":"https:\/\/hommeahomme.ch\/en\/wp-json\/wp\/v2\/types\/page"}],"author":[{"embeddable":true,"href":"https:\/\/hommeahomme.ch\/en\/wp-json\/wp\/v2\/users\/1"}],"replies":[{"embeddable":true,"href":"https:\/\/hommeahomme.ch\/en\/wp-json\/wp\/v2\/comments?post=844"}],"version-history":[{"count":3,"href":"https:\/\/hommeahomme.ch\/en\/wp-json\/wp\/v2\/pages\/844\/revisions"}],"predecessor-version":[{"id":980,"href":"https:\/\/hommeahomme.ch\/en\/wp-json\/wp\/v2\/pages\/844\/revisions\/980"}],"wp:featuredmedia":[{"embeddable":true,"href":"https:\/\/hommeahomme.ch\/en\/wp-json\/wp\/v2\/media\/756"}],"wp:attachment":[{"href":"https:\/\/hommeahomme.ch\/en\/wp-json\/wp\/v2\/media?parent=844"}],"curies":[{"name":"wp","href":"https:\/\/api.w.org\/{rel}","templated":true}]}}