{"id":897,"date":"2023-10-09T08:39:59","date_gmt":"2023-10-09T08:39:59","guid":{"rendered":"https:\/\/hommeahomme.ch\/?page_id=897"},"modified":"2023-11-11T09:53:41","modified_gmt":"2023-11-11T09:53:41","slug":"stages","status":"publish","type":"page","link":"https:\/\/hommeahomme.ch\/en\/stages\/","title":{"rendered":"Stages"},"content":{"rendered":"\n<h2 class=\"wp-block-heading\">Ensemble, nous cheminons!<\/h2>\n\n\n\n<p><\/p>\n","protected":false},"excerpt":{"rendered":"<p>Ensemble, nous cheminons!<\/p>\n","protected":false},"author":1,"featured_media":0,"parent":0,"menu_order":0,"comment_status":"closed","ping_status":"closed","template":"template-stage.php","meta":{"_acf_changed":false,"footnotes":""},"class_list":["post-897","page","type-page","status-publish","hentry"],"acf":[],"yoast_head":"<!-- This site is optimized with the Yoast SEO plugin v27.3 - https:\/\/yoast.com\/product\/yoast-seo-wordpress\/ -->\n<title>Stages - Homme \u00e0 homme<\/title>\n<meta name=\"description\" content=\"tantra entre homme, \u00e9voluer ensemble, contact, toucher, parole vraie, douceur, authenticit\u00e9, ludique, plaisir, sensualit\u00e9 et profondeur .\" \/>\n<meta name=\"robots\" content=\"index, follow, max-snippet:-1, max-image-preview:large, max-video-preview:-1\" \/>\n<link rel=\"canonical\" href=\"https:\/\/hommeahomme.ch\/en\/stages\/\" \/>\n<meta property=\"og:locale\" content=\"en_US\" \/>\n<meta property=\"og:type\" content=\"article\" \/>\n<meta property=\"og:title\" content=\"Stages - Homme \u00e0 homme\" \/>\n<meta property=\"og:description\" content=\"tantra entre homme, \u00e9voluer ensemble, contact, toucher, parole vraie, douceur, authenticit\u00e9, ludique, plaisir, sensualit\u00e9 et profondeur .\" \/>\n<meta property=\"og:url\" content=\"https:\/\/hommeahomme.ch\/en\/stages\/\" \/>\n<meta property=\"og:site_name\" content=\"Homme \u00e0 homme\" \/>\n<meta property=\"article:modified_time\" content=\"2023-11-11T09:53:41+00:00\" \/>\n<meta name=\"twitter:card\" content=\"summary_large_image\" \/>\n<meta name=\"twitter:label1\" content=\"Est. reading time\" \/>\n\t<meta name=\"twitter:data1\" content=\"1 minute\" \/>\n<script type=\"application\/ld+json\" class=\"yoast-schema-graph\">{\"@context\":\"https:\\\/\\\/schema.org\",\"@graph\":[{\"@type\":\"WebPage\",\"@id\":\"https:\\\/\\\/hommeahomme.ch\\\/en\\\/stages\\\/\",\"url\":\"https:\\\/\\\/hommeahomme.ch\\\/en\\\/stages\\\/\",\"name\":\"Stages - Homme \u00e0 homme\",\"isPartOf\":{\"@id\":\"https:\\\/\\\/hommeahomme.ch\\\/en\\\/#website\"},\"datePublished\":\"2023-10-09T08:39:59+00:00\",\"dateModified\":\"2023-11-11T09:53:41+00:00\",\"description\":\"tantra entre homme, \u00e9voluer ensemble, contact, toucher, parole vraie, douceur, authenticit\u00e9, ludique, plaisir, sensualit\u00e9 et profondeur .\",\"breadcrumb\":{\"@id\":\"https:\\\/\\\/hommeahomme.ch\\\/en\\\/stages\\\/#breadcrumb\"},\"inLanguage\":\"en-US\",\"potentialAction\":[{\"@type\":\"ReadAction\",\"target\":[\"https:\\\/\\\/hommeahomme.ch\\\/en\\\/stages\\\/\"]}]},{\"@type\":\"BreadcrumbList\",\"@id\":\"https:\\\/\\\/hommeahomme.ch\\\/en\\\/stages\\\/#breadcrumb\",\"itemListElement\":[{\"@type\":\"ListItem\",\"position\":1,\"name\":\"Accueil\",\"item\":\"https:\\\/\\\/hommeahomme.ch\\\/en\\\/\"},{\"@type\":\"ListItem\",\"position\":2,\"name\":\"Stages\"}]},{\"@type\":\"WebSite\",\"@id\":\"https:\\\/\\\/hommeahomme.ch\\\/en\\\/#website\",\"url\":\"https:\\\/\\\/hommeahomme.ch\\\/en\\\/\",\"name\":\"Homme \u00e0 homme\",\"description\":\"\",\"potentialAction\":[{\"@type\":\"SearchAction\",\"target\":{\"@type\":\"EntryPoint\",\"urlTemplate\":\"https:\\\/\\\/hommeahomme.ch\\\/en\\\/?s={search_term_string}\"},\"query-input\":{\"@type\":\"PropertyValueSpecification\",\"valueRequired\":true,\"valueName\":\"search_term_string\"}}],\"inLanguage\":\"en-US\"}]}<\/script>\n<!-- \/ Yoast SEO plugin. -->","yoast_head_json":{"title":"Stages - Homme \u00e0 homme","description":"tantra entre homme, \u00e9voluer ensemble, contact, toucher, parole vraie, douceur, authenticit\u00e9, ludique, plaisir, sensualit\u00e9 et profondeur .","robots":{"index":"index","follow":"follow","max-snippet":"max-snippet:-1","max-image-preview":"max-image-preview:large","max-video-preview":"max-video-preview:-1"},"canonical":"https:\/\/hommeahomme.ch\/en\/stages\/","og_locale":"en_US","og_type":"article","og_title":"Stages - Homme \u00e0 homme","og_description":"tantra entre homme, \u00e9voluer ensemble, contact, toucher, parole vraie, douceur, authenticit\u00e9, ludique, plaisir, sensualit\u00e9 et profondeur .","og_url":"https:\/\/hommeahomme.ch\/en\/stages\/","og_site_name":"Homme \u00e0 homme","article_modified_time":"2023-11-11T09:53:41+00:00","twitter_card":"summary_large_image","twitter_misc":{"Est. reading time":"1 minute"},"schema":{"@context":"https:\/\/schema.org","@graph":[{"@type":"WebPage","@id":"https:\/\/hommeahomme.ch\/en\/stages\/","url":"https:\/\/hommeahomme.ch\/en\/stages\/","name":"Stages - Homme \u00e0 homme","isPartOf":{"@id":"https:\/\/hommeahomme.ch\/en\/#website"},"datePublished":"2023-10-09T08:39:59+00:00","dateModified":"2023-11-11T09:53:41+00:00","description":"tantra entre homme, \u00e9voluer ensemble, contact, toucher, parole vraie, douceur, authenticit\u00e9, ludique, plaisir, sensualit\u00e9 et profondeur .","breadcrumb":{"@id":"https:\/\/hommeahomme.ch\/en\/stages\/#breadcrumb"},"inLanguage":"en-US","potentialAction":[{"@type":"ReadAction","target":["https:\/\/hommeahomme.ch\/en\/stages\/"]}]},{"@type":"BreadcrumbList","@id":"https:\/\/hommeahomme.ch\/en\/stages\/#breadcrumb","itemListElement":[{"@type":"ListItem","position":1,"name":"Accueil","item":"https:\/\/hommeahomme.ch\/en\/"},{"@type":"ListItem","position":2,"name":"Stages"}]},{"@type":"WebSite","@id":"https:\/\/hommeahomme.ch\/en\/#website","url":"https:\/\/hommeahomme.ch\/en\/","name":"Homme \u00e0 homme","description":"","potentialAction":[{"@type":"SearchAction","target":{"@type":"EntryPoint","urlTemplate":"https:\/\/hommeahomme.ch\/en\/?s={search_term_string}"},"query-input":{"@type":"PropertyValueSpecification","valueRequired":true,"valueName":"search_term_string"}}],"inLanguage":"en-US"}]}},"_links":{"self":[{"href":"https:\/\/hommeahomme.ch\/en\/wp-json\/wp\/v2\/pages\/897","targetHints":{"allow":["GET"]}}],"collection":[{"href":"https:\/\/hommeahomme.ch\/en\/wp-json\/wp\/v2\/pages"}],"about":[{"href":"https:\/\/hommeahomme.ch\/en\/wp-json\/wp\/v2\/types\/page"}],"author":[{"embeddable":true,"href":"https:\/\/hommeahomme.ch\/en\/wp-json\/wp\/v2\/users\/1"}],"replies":[{"embeddable":true,"href":"https:\/\/hommeahomme.ch\/en\/wp-json\/wp\/v2\/comments?post=897"}],"version-history":[{"count":5,"href":"https:\/\/hommeahomme.ch\/en\/wp-json\/wp\/v2\/pages\/897\/revisions"}],"predecessor-version":[{"id":974,"href":"https:\/\/hommeahomme.ch\/en\/wp-json\/wp\/v2\/pages\/897\/revisions\/974"}],"wp:attachment":[{"href":"https:\/\/hommeahomme.ch\/en\/wp-json\/wp\/v2\/media?parent=897"}],"curies":[{"name":"wp","href":"https:\/\/api.w.org\/{rel}","templated":true}]}}