{"id":946,"date":"2021-05-24T11:44:43","date_gmt":"2021-05-24T11:44:43","guid":{"rendered":"https:\/\/hommeahomme.ch\/price-list\/"},"modified":"2023-11-09T19:50:57","modified_gmt":"2023-11-09T19:50:57","slug":"price-list","status":"publish","type":"page","link":"https:\/\/hommeahomme.ch\/en\/price-list\/","title":{"rendered":"price list"},"content":{"rendered":"\n<h2 class=\"wp-block-heading\" id=\"tarifs-de-base\">Basic rates<\/h2>\n\n<p id=\"prendre-soin-de-toi-c-est-aussi-prendre-du-temps-pour-toi\"><strong>Taking care of yourself also means taking time for yourself!<\/strong> With my decreasing prices, I encourage you to take this time for yourself. My prices reflect my availability for you, my presence. They do not change according to the type of treatment\/massage.<\/p>\n\n<div class=\"wp-block-columns is-layout-flex wp-container-core-columns-is-layout-9d6595d7 wp-block-columns-is-layout-flex\">\n<div class=\"wp-block-column is-layout-flow wp-block-column-is-layout-flow\">\n<p><strong>60 MINUTES<\/strong><\/p>\n\n\n\n<p><strong>90 MINUTES<\/strong><\/p>\n\n\n\n<p>1<strong>20 MINUTES<\/strong><\/p>\n<\/div>\n\n\n\n<div class=\"wp-block-column is-layout-flow wp-block-column-is-layout-flow\">\n<p><strong>120 FRANCS<\/strong><\/p>\n\n\n\n<p><strong>150 FRANCS<\/strong><\/p>\n\n\n\n<p><strong>180 FRANCS<\/strong><\/p>\n<\/div>\n<\/div>\n\n<h2 class=\"wp-block-heading\">Subscriptions \/ Loyalty card \/ Discounts<\/h2>\n\n<p id=\"oui-je-soulage-mais-toi-tu-previens-tu-prends-soin-de-toi-tu-t-offres-du-bon-la-regularite-potentialise-les-effets-benefiques-des-massages-je-t-encourage-a-t-organiser-regulierement-un-temps-de-ressourcement\"><strong>You prevent illness &#8211; you take care of yourself &#8211; you offer yourself something good!<\/strong> Regularity increases the beneficial effects of the massages. I encourage you to regularly organize a time to recharge your batteries!<\/p>\n\n<p id=\"oui-je-soulage-mais-toi-tu-previens-tu-prends-soin-de-toi-tu-t-offres-du-bon-la-regularite-potentialise-les-effets-benefiques-des-massages-je-t-encourage-a-t-organiser-regulierement-un-temps-de-ressourcement\"><strong>Subscription:<\/strong> when you pay for 5 treatments\/massages in advance, the 6th is 100% free.<\/p>\n\n<div class=\"wp-block-columns is-layout-flex wp-container-core-columns-is-layout-9d6595d7 wp-block-columns-is-layout-flex\">\n<div class=\"wp-block-column is-layout-flow wp-block-column-is-layout-flow\">\n<p><strong>6 X 90 MINUTES<\/strong><\/p>\n\n\n\n<p><strong>6 X 120 MINUTES<\/strong><\/p>\n<\/div>\n\n\n\n<div class=\"wp-block-column is-layout-flow wp-block-column-is-layout-flow\">\n<p><strong>750 FRANCS<\/strong><\/p>\n\n\n\n<p><strong>900 FRANCS<\/strong><\/p>\n<\/div>\n<\/div>\n\n<p><strong>Loyalty card : 50% discount for the 6th massage<\/strong> (within 12 months)<\/p>\n\n<p><strong>Discounts:<\/strong> money should not guide your choice. I am open to discounts for people with modest incomes. Feel free to talk to me.<\/p>\n\n<div class=\"wp-block-group\"><div class=\"wp-block-group__inner-container is-layout-flow wp-block-group-is-layout-flow\">\n<figure class=\"wp-block-gallery has-nested-images columns-default is-cropped wp-block-gallery-1 is-layout-flex wp-block-gallery-is-layout-flex\">\n<figure class=\"wp-block-image size-large\"><img loading=\"lazy\" decoding=\"async\" width=\"1280\" height=\"960\" data-id=\"398\" src=\"http:\/\/hommeahomme.ch\/wp-content\/uploads\/2022\/02\/20180121-144434A.jpg\" alt=\"\" class=\"wp-image-398\" srcset=\"https:\/\/hommeahomme.ch\/wp-content\/uploads\/2022\/02\/20180121-144434A.jpg 1280w, https:\/\/hommeahomme.ch\/wp-content\/uploads\/2022\/02\/20180121-144434A-300x225.jpg 300w, https:\/\/hommeahomme.ch\/wp-content\/uploads\/2022\/02\/20180121-144434A-1024x768.jpg 1024w, https:\/\/hommeahomme.ch\/wp-content\/uploads\/2022\/02\/20180121-144434A-768x576.jpg 768w, https:\/\/hommeahomme.ch\/wp-content\/uploads\/2022\/02\/20180121-144434A-1536x1152.jpg 1536w, https:\/\/hommeahomme.ch\/wp-content\/uploads\/2022\/02\/20180121-144434A-2048x1536.jpg 2048w\" sizes=\"auto, (max-width: 1280px) 100vw, 1280px\" \/><\/figure>\n\n\n\n<figure class=\"wp-block-image size-large\"><img loading=\"lazy\" decoding=\"async\" width=\"960\" height=\"1280\" data-id=\"397\" src=\"http:\/\/hommeahomme.ch\/wp-content\/uploads\/2022\/02\/20180121-143850A.jpg\" alt=\"\" class=\"wp-image-397\" srcset=\"https:\/\/hommeahomme.ch\/wp-content\/uploads\/2022\/02\/20180121-143850A.jpg 960w, https:\/\/hommeahomme.ch\/wp-content\/uploads\/2022\/02\/20180121-143850A-225x300.jpg 225w, https:\/\/hommeahomme.ch\/wp-content\/uploads\/2022\/02\/20180121-143850A-768x1024.jpg 768w, https:\/\/hommeahomme.ch\/wp-content\/uploads\/2022\/02\/20180121-143850A-1152x1536.jpg 1152w, https:\/\/hommeahomme.ch\/wp-content\/uploads\/2022\/02\/20180121-143850A-1536x2048.jpg 1536w\" sizes=\"auto, (max-width: 960px) 100vw, 960px\" \/><\/figure>\n\n\n\n<figure class=\"wp-block-image size-large\"><img loading=\"lazy\" decoding=\"async\" width=\"1024\" height=\"768\" data-id=\"114\" src=\"http:\/\/hommeahomme.ch\/wp-content\/uploads\/2021\/08\/20180121-123332A-1024x768.jpg\" alt=\"Well-being massage for men, face. The head and body are often seen as being at odds with each other, and this is a source of discomfort. Delivered with delicacy and precision, a facial massage provides immense well-being and a feeling of floating.\" class=\"wp-image-114\" srcset=\"https:\/\/hommeahomme.ch\/wp-content\/uploads\/2021\/08\/20180121-123332A-1024x768.jpg 1024w, https:\/\/hommeahomme.ch\/wp-content\/uploads\/2021\/08\/20180121-123332A-300x225.jpg 300w, https:\/\/hommeahomme.ch\/wp-content\/uploads\/2021\/08\/20180121-123332A-768x576.jpg 768w, https:\/\/hommeahomme.ch\/wp-content\/uploads\/2021\/08\/20180121-123332A-1536x1152.jpg 1536w, https:\/\/hommeahomme.ch\/wp-content\/uploads\/2021\/08\/20180121-123332A-2048x1536.jpg 2048w, https:\/\/hommeahomme.ch\/wp-content\/uploads\/2021\/08\/20180121-123332A.jpg 1280w\" sizes=\"auto, (max-width: 1024px) 100vw, 1024px\" \/><\/figure>\n<\/figure>\n<\/div><\/div>\n\n<blockquote class=\"wp-block-quote is-layout-flow wp-block-quote-is-layout-flow\"><p><em>&#8220;Merveilleux moment. Une tr\u00e8s belle intention et attention.<\/em><\/p><p><em>Cela m&#8217;a cr\u00e9\u00e9 une grande ouverture \u00e0 moi-m\u00eame&#8221;. Adrien<\/em><\/p><\/blockquote>\n\n<p><\/p>\n","protected":false},"excerpt":{"rendered":"<p>Basic rates Taking care of yourself also means taking time for yourself! With my decreasing prices, I encourage you to take this time for yourself. My prices reflect my availability for you, my presence. They do not change according to the type of treatment\/massage. 60 MINUTES 90 MINUTES 120 MINUTES 120 FRANCS 150 FRANCS 180 [&hellip;]<\/p>\n","protected":false},"author":1,"featured_media":754,"parent":0,"menu_order":0,"comment_status":"closed","ping_status":"closed","template":"","meta":{"_acf_changed":false,"footnotes":""},"class_list":["post-946","page","type-page","status-publish","has-post-thumbnail","hentry"],"acf":[],"yoast_head":"<!-- This site is optimized with the Yoast SEO plugin v27.3 - https:\/\/yoast.com\/product\/yoast-seo-wordpress\/ -->\n<title>Price List for Massages<\/title>\n<meta name=\"description\" content=\"Subscriptions \/ Loyalty card \/ Discounts\" \/>\n<meta name=\"robots\" content=\"index, follow, max-snippet:-1, max-image-preview:large, max-video-preview:-1\" \/>\n<link rel=\"canonical\" href=\"https:\/\/hommeahomme.ch\/en\/price-list\/\" \/>\n<meta property=\"og:locale\" content=\"en_US\" \/>\n<meta property=\"og:type\" content=\"article\" \/>\n<meta property=\"og:title\" content=\"Price List for Massages\" \/>\n<meta property=\"og:description\" content=\"Subscriptions \/ Loyalty card \/ Discounts\" \/>\n<meta property=\"og:url\" content=\"https:\/\/hommeahomme.ch\/en\/price-list\/\" \/>\n<meta property=\"og:site_name\" content=\"Homme \u00e0 homme\" \/>\n<meta property=\"article:modified_time\" content=\"2023-11-09T19:50:57+00:00\" \/>\n<meta property=\"og:image\" content=\"https:\/\/hommeahomme.ch\/wp-content\/uploads\/2022\/02\/20180121-115631A.jpg\" \/>\n\t<meta property=\"og:image:width\" content=\"748\" \/>\n\t<meta property=\"og:image:height\" content=\"480\" \/>\n\t<meta property=\"og:image:type\" content=\"image\/jpeg\" \/>\n<meta name=\"twitter:card\" content=\"summary_large_image\" \/>\n<meta name=\"twitter:label1\" content=\"Est. reading time\" \/>\n\t<meta name=\"twitter:data1\" content=\"1 minute\" \/>\n<script type=\"application\/ld+json\" class=\"yoast-schema-graph\">{\"@context\":\"https:\\\/\\\/schema.org\",\"@graph\":[{\"@type\":\"WebPage\",\"@id\":\"https:\\\/\\\/hommeahomme.ch\\\/en\\\/price-list\\\/\",\"url\":\"https:\\\/\\\/hommeahomme.ch\\\/en\\\/price-list\\\/\",\"name\":\"Price List for Massages\",\"isPartOf\":{\"@id\":\"https:\\\/\\\/hommeahomme.ch\\\/en\\\/#website\"},\"primaryImageOfPage\":{\"@id\":\"https:\\\/\\\/hommeahomme.ch\\\/en\\\/price-list\\\/#primaryimage\"},\"image\":{\"@id\":\"https:\\\/\\\/hommeahomme.ch\\\/en\\\/price-list\\\/#primaryimage\"},\"thumbnailUrl\":\"https:\\\/\\\/hommeahomme.ch\\\/wp-content\\\/uploads\\\/2022\\\/02\\\/20180121-115631A.jpg\",\"datePublished\":\"2021-05-24T11:44:43+00:00\",\"dateModified\":\"2023-11-09T19:50:57+00:00\",\"description\":\"Subscriptions \\\/ Loyalty card \\\/ Discounts\",\"breadcrumb\":{\"@id\":\"https:\\\/\\\/hommeahomme.ch\\\/en\\\/price-list\\\/#breadcrumb\"},\"inLanguage\":\"en-US\",\"potentialAction\":[{\"@type\":\"ReadAction\",\"target\":[\"https:\\\/\\\/hommeahomme.ch\\\/en\\\/price-list\\\/\"]}]},{\"@type\":\"ImageObject\",\"inLanguage\":\"en-US\",\"@id\":\"https:\\\/\\\/hommeahomme.ch\\\/en\\\/price-list\\\/#primaryimage\",\"url\":\"https:\\\/\\\/hommeahomme.ch\\\/wp-content\\\/uploads\\\/2022\\\/02\\\/20180121-115631A.jpg\",\"contentUrl\":\"https:\\\/\\\/hommeahomme.ch\\\/wp-content\\\/uploads\\\/2022\\\/02\\\/20180121-115631A.jpg\",\"width\":748,\"height\":480},{\"@type\":\"BreadcrumbList\",\"@id\":\"https:\\\/\\\/hommeahomme.ch\\\/en\\\/price-list\\\/#breadcrumb\",\"itemListElement\":[{\"@type\":\"ListItem\",\"position\":1,\"name\":\"Accueil\",\"item\":\"https:\\\/\\\/hommeahomme.ch\\\/en\\\/\"},{\"@type\":\"ListItem\",\"position\":2,\"name\":\"price list\"}]},{\"@type\":\"WebSite\",\"@id\":\"https:\\\/\\\/hommeahomme.ch\\\/en\\\/#website\",\"url\":\"https:\\\/\\\/hommeahomme.ch\\\/en\\\/\",\"name\":\"Homme \u00e0 homme\",\"description\":\"\",\"potentialAction\":[{\"@type\":\"SearchAction\",\"target\":{\"@type\":\"EntryPoint\",\"urlTemplate\":\"https:\\\/\\\/hommeahomme.ch\\\/en\\\/?s={search_term_string}\"},\"query-input\":{\"@type\":\"PropertyValueSpecification\",\"valueRequired\":true,\"valueName\":\"search_term_string\"}}],\"inLanguage\":\"en-US\"}]}<\/script>\n<!-- \/ Yoast SEO plugin. -->","yoast_head_json":{"title":"Price List for Massages","description":"Subscriptions \/ Loyalty card \/ Discounts","robots":{"index":"index","follow":"follow","max-snippet":"max-snippet:-1","max-image-preview":"max-image-preview:large","max-video-preview":"max-video-preview:-1"},"canonical":"https:\/\/hommeahomme.ch\/en\/price-list\/","og_locale":"en_US","og_type":"article","og_title":"Price List for Massages","og_description":"Subscriptions \/ Loyalty card \/ Discounts","og_url":"https:\/\/hommeahomme.ch\/en\/price-list\/","og_site_name":"Homme \u00e0 homme","article_modified_time":"2023-11-09T19:50:57+00:00","og_image":[{"width":748,"height":480,"url":"https:\/\/hommeahomme.ch\/wp-content\/uploads\/2022\/02\/20180121-115631A.jpg","type":"image\/jpeg"}],"twitter_card":"summary_large_image","twitter_misc":{"Est. reading time":"1 minute"},"schema":{"@context":"https:\/\/schema.org","@graph":[{"@type":"WebPage","@id":"https:\/\/hommeahomme.ch\/en\/price-list\/","url":"https:\/\/hommeahomme.ch\/en\/price-list\/","name":"Price List for Massages","isPartOf":{"@id":"https:\/\/hommeahomme.ch\/en\/#website"},"primaryImageOfPage":{"@id":"https:\/\/hommeahomme.ch\/en\/price-list\/#primaryimage"},"image":{"@id":"https:\/\/hommeahomme.ch\/en\/price-list\/#primaryimage"},"thumbnailUrl":"https:\/\/hommeahomme.ch\/wp-content\/uploads\/2022\/02\/20180121-115631A.jpg","datePublished":"2021-05-24T11:44:43+00:00","dateModified":"2023-11-09T19:50:57+00:00","description":"Subscriptions \/ Loyalty card \/ Discounts","breadcrumb":{"@id":"https:\/\/hommeahomme.ch\/en\/price-list\/#breadcrumb"},"inLanguage":"en-US","potentialAction":[{"@type":"ReadAction","target":["https:\/\/hommeahomme.ch\/en\/price-list\/"]}]},{"@type":"ImageObject","inLanguage":"en-US","@id":"https:\/\/hommeahomme.ch\/en\/price-list\/#primaryimage","url":"https:\/\/hommeahomme.ch\/wp-content\/uploads\/2022\/02\/20180121-115631A.jpg","contentUrl":"https:\/\/hommeahomme.ch\/wp-content\/uploads\/2022\/02\/20180121-115631A.jpg","width":748,"height":480},{"@type":"BreadcrumbList","@id":"https:\/\/hommeahomme.ch\/en\/price-list\/#breadcrumb","itemListElement":[{"@type":"ListItem","position":1,"name":"Accueil","item":"https:\/\/hommeahomme.ch\/en\/"},{"@type":"ListItem","position":2,"name":"price list"}]},{"@type":"WebSite","@id":"https:\/\/hommeahomme.ch\/en\/#website","url":"https:\/\/hommeahomme.ch\/en\/","name":"Homme \u00e0 homme","description":"","potentialAction":[{"@type":"SearchAction","target":{"@type":"EntryPoint","urlTemplate":"https:\/\/hommeahomme.ch\/en\/?s={search_term_string}"},"query-input":{"@type":"PropertyValueSpecification","valueRequired":true,"valueName":"search_term_string"}}],"inLanguage":"en-US"}]}},"_links":{"self":[{"href":"https:\/\/hommeahomme.ch\/en\/wp-json\/wp\/v2\/pages\/946","targetHints":{"allow":["GET"]}}],"collection":[{"href":"https:\/\/hommeahomme.ch\/en\/wp-json\/wp\/v2\/pages"}],"about":[{"href":"https:\/\/hommeahomme.ch\/en\/wp-json\/wp\/v2\/types\/page"}],"author":[{"embeddable":true,"href":"https:\/\/hommeahomme.ch\/en\/wp-json\/wp\/v2\/users\/1"}],"replies":[{"embeddable":true,"href":"https:\/\/hommeahomme.ch\/en\/wp-json\/wp\/v2\/comments?post=946"}],"version-history":[{"count":3,"href":"https:\/\/hommeahomme.ch\/en\/wp-json\/wp\/v2\/pages\/946\/revisions"}],"predecessor-version":[{"id":949,"href":"https:\/\/hommeahomme.ch\/en\/wp-json\/wp\/v2\/pages\/946\/revisions\/949"}],"wp:featuredmedia":[{"embeddable":true,"href":"https:\/\/hommeahomme.ch\/en\/wp-json\/wp\/v2\/media\/754"}],"wp:attachment":[{"href":"https:\/\/hommeahomme.ch\/en\/wp-json\/wp\/v2\/media?parent=946"}],"curies":[{"name":"wp","href":"https:\/\/api.w.org\/{rel}","templated":true}]}}