{"id":955,"date":"2022-04-12T08:24:22","date_gmt":"2022-04-12T08:24:22","guid":{"rendered":"https:\/\/hommeahomme.ch\/plan-du-site\/"},"modified":"2023-11-09T19:56:10","modified_gmt":"2023-11-09T19:56:10","slug":"plan-du-site","status":"publish","type":"page","link":"https:\/\/hommeahomme.ch\/en\/plan-du-site\/","title":{"rendered":"Plan du site"},"content":{"rendered":"\n<div class=\"wsp-container\"><h2 class=\"wsp-pages-title\">Pages<\/h2>\n<ul class=\"wsp-pages-list\">\n<li class=\"page_item page-item-950\"><a href=\"https:\/\/hommeahomme.ch\/en\/contact\/\">Contact<\/a><\/li>\n<li class=\"page_item page-item-798\"><a href=\"https:\/\/hommeahomme.ch\/en\/faq\/\">FAQ<\/a><\/li>\n<li class=\"page_item page-item-823\"><a href=\"https:\/\/hommeahomme.ch\/en\/\">Home page<\/a><\/li>\n<li class=\"page_item page-item-844 page_item_has_children\"><a href=\"https:\/\/hommeahomme.ch\/en\/pierre-pantillon\/\">Pierre Pantillon<\/a>\n<ul class='children'>\n\t<li class=\"page_item page-item-953\"><a href=\"https:\/\/hommeahomme.ch\/en\/pierre-pantillon\/the-thriving-man-sacred-masculine\/\">The thriving man &#8230; \u00ab Sacred Masculine \u00bb<\/a><\/li>\n<\/ul>\n<\/li>\n<li class=\"page_item page-item-955\"><a href=\"https:\/\/hommeahomme.ch\/en\/plan-du-site\/\">Plan du site<\/a><\/li>\n<li class=\"page_item page-item-946\"><a href=\"https:\/\/hommeahomme.ch\/en\/price-list\/\">price list<\/a><\/li>\n<li class=\"page_item page-item-897\"><a href=\"https:\/\/hommeahomme.ch\/en\/stages\/\">Stages<\/a><\/li>\n<li class=\"page_item page-item-821\"><a href=\"https:\/\/hommeahomme.ch\/en\/telephone-contact\/\">Telephone contact<\/a><\/li>\n<li class=\"page_item page-item-902\"><a href=\"https:\/\/hommeahomme.ch\/en\/treatments-massages\/\">Treatments &#038; massages<\/a><\/li>\n<\/ul>\n<h2 class=\"wsp-massages-title\">Soins<\/h2>\n<ul class=\"wsp-massages-list\">\n<li><a href=\"https:\/\/hommeahomme.ch\/en\/soins-massages\/asca-recognised-massage-therapy-in-rolle-and-lausanne\/\">ASCA-recognised massage therapy in Rolle and Lausanne<\/a><\/li>\n<li><a href=\"https:\/\/hommeahomme.ch\/en\/soins-massages\/gay-tantric-massage\/\">Gay tantric massage<\/a><\/li>\n<li><a href=\"https:\/\/hommeahomme.ch\/en\/soins-massages\/tantric-massage-for-men\/\">Tantric massage for men<\/a><\/li>\n<li><a href=\"https:\/\/hommeahomme.ch\/en\/soins-massages\/chi-nei-tsang\/\">Chi Nei Tsang, massage visc\u00e9ral<\/a><\/li>\n<li><a href=\"https:\/\/hommeahomme.ch\/en\/soins-massages\/massage-tantrique-tao\/\">Massage Tantrique TAO<\/a><\/li>\n<li><a href=\"https:\/\/hommeahomme.ch\/en\/soins-massages\/relaxing-and-wellness-massage-for-men\/\">Relaxing and wellness massage for men<\/a><\/li>\n<li><a href=\"https:\/\/hommeahomme.ch\/en\/soins-massages\/sports-massages-for-men-in-rolle-and-lausanne\/\">Sports massages for men in Rolle and Lausanne<\/a><\/li>\n<li><a href=\"https:\/\/hommeahomme.ch\/en\/soins-massages\/massage-for-the-elderly-and-people-with-disabilities\/\">Massage for the elderly and people with disabilities<\/a><\/li>\n<li><a href=\"https:\/\/hommeahomme.ch\/en\/soins-massages\/massage-naturiste-pour-homme\/\">Massage naturiste pour homme<\/a><\/li>\n<li><a href=\"https:\/\/hommeahomme.ch\/en\/soins-massages\/massages-at-home-geneva-lausanne-and-around\/\">Massages at home, Geneva, Lausanne and around<\/a><\/li>\n<li><a href=\"https:\/\/hommeahomme.ch\/en\/soins-massages\/stretch-massage-relaxinesie-savatovski\/\">Stretch-massage, \"relaxin\u00e9sie\" Savatovski<\/a><\/li>\n<li><a href=\"https:\/\/hommeahomme.ch\/en\/soins-massages\/harmonising-the-sensitive-body-the-resseguier-method\/\">Harmonising the Sensitive Body - The R\u00e9sseguier Method<\/a><\/li>\n<\/ul>\n<h2 class=\"wsp-stages-title\">Stages<\/h2>\n<ul class=\"wsp-stages-list\">\n<li><a href=\"https:\/\/hommeahomme.ch\/en\/stage\/don-et-abandon\/\">Don et Abandon<\/a><\/li>\n<li><a href=\"https:\/\/hommeahomme.ch\/en\/stage\/atelier-tantra-entre-hommes\/\">C\u0153ur \u00e0 c\u0153ur - Corps \u00e0 corps<\/a><\/li>\n<li><a href=\"https:\/\/hommeahomme.ch\/en\/stage\/entre-hommes-meme-pas-peur\/\">Entre Hommes\u00a0: m\u00eame pas peur\u00a0!<\/a><\/li>\n<li><a href=\"https:\/\/hommeahomme.ch\/en\/stage\/coeur-a-coeur-corps-a-corps-ii\/\">C\u0153ur \u00e0 c\u0153ur - Corps \u00e0 corps : Tantra au fil de l'ann\u00e9e<\/a><\/li>\n<\/ul>\n<\/div>\n","protected":false},"excerpt":{"rendered":"","protected":false},"author":1,"featured_media":0,"parent":0,"menu_order":0,"comment_status":"closed","ping_status":"closed","template":"","meta":{"_acf_changed":false,"footnotes":""},"class_list":["post-955","page","type-page","status-publish","hentry"],"acf":[],"yoast_head":"<!-- This site is optimized with the Yoast SEO plugin v27.3 - https:\/\/yoast.com\/product\/yoast-seo-wordpress\/ -->\n<title>Plan du site<\/title>\n<meta name=\"description\" content=\"Sitemap - plan du site\" \/>\n<meta name=\"robots\" content=\"index, follow, max-snippet:-1, max-image-preview:large, max-video-preview:-1\" \/>\n<link rel=\"canonical\" href=\"https:\/\/hommeahomme.ch\/en\/plan-du-site\/\" \/>\n<meta property=\"og:locale\" content=\"en_US\" \/>\n<meta property=\"og:type\" content=\"article\" \/>\n<meta property=\"og:title\" content=\"Plan du site\" \/>\n<meta property=\"og:description\" content=\"Sitemap - plan du site\" \/>\n<meta property=\"og:url\" content=\"https:\/\/hommeahomme.ch\/en\/plan-du-site\/\" \/>\n<meta property=\"og:site_name\" content=\"Homme \u00e0 homme\" \/>\n<meta property=\"article:modified_time\" content=\"2023-11-09T19:56:10+00:00\" \/>\n<meta name=\"twitter:card\" content=\"summary_large_image\" \/>\n<script type=\"application\/ld+json\" class=\"yoast-schema-graph\">{\"@context\":\"https:\\\/\\\/schema.org\",\"@graph\":[{\"@type\":\"WebPage\",\"@id\":\"https:\\\/\\\/hommeahomme.ch\\\/en\\\/plan-du-site\\\/\",\"url\":\"https:\\\/\\\/hommeahomme.ch\\\/en\\\/plan-du-site\\\/\",\"name\":\"Plan du site\",\"isPartOf\":{\"@id\":\"https:\\\/\\\/hommeahomme.ch\\\/en\\\/#website\"},\"datePublished\":\"2022-04-12T08:24:22+00:00\",\"dateModified\":\"2023-11-09T19:56:10+00:00\",\"description\":\"Sitemap - plan du site\",\"breadcrumb\":{\"@id\":\"https:\\\/\\\/hommeahomme.ch\\\/en\\\/plan-du-site\\\/#breadcrumb\"},\"inLanguage\":\"en-US\",\"potentialAction\":[{\"@type\":\"ReadAction\",\"target\":[\"https:\\\/\\\/hommeahomme.ch\\\/en\\\/plan-du-site\\\/\"]}]},{\"@type\":\"BreadcrumbList\",\"@id\":\"https:\\\/\\\/hommeahomme.ch\\\/en\\\/plan-du-site\\\/#breadcrumb\",\"itemListElement\":[{\"@type\":\"ListItem\",\"position\":1,\"name\":\"Accueil\",\"item\":\"https:\\\/\\\/hommeahomme.ch\\\/en\\\/\"},{\"@type\":\"ListItem\",\"position\":2,\"name\":\"Plan du site\"}]},{\"@type\":\"WebSite\",\"@id\":\"https:\\\/\\\/hommeahomme.ch\\\/en\\\/#website\",\"url\":\"https:\\\/\\\/hommeahomme.ch\\\/en\\\/\",\"name\":\"Homme \u00e0 homme\",\"description\":\"\",\"potentialAction\":[{\"@type\":\"SearchAction\",\"target\":{\"@type\":\"EntryPoint\",\"urlTemplate\":\"https:\\\/\\\/hommeahomme.ch\\\/en\\\/?s={search_term_string}\"},\"query-input\":{\"@type\":\"PropertyValueSpecification\",\"valueRequired\":true,\"valueName\":\"search_term_string\"}}],\"inLanguage\":\"en-US\"}]}<\/script>\n<!-- \/ Yoast SEO plugin. -->","yoast_head_json":{"title":"Plan du site","description":"Sitemap - plan du site","robots":{"index":"index","follow":"follow","max-snippet":"max-snippet:-1","max-image-preview":"max-image-preview:large","max-video-preview":"max-video-preview:-1"},"canonical":"https:\/\/hommeahomme.ch\/en\/plan-du-site\/","og_locale":"en_US","og_type":"article","og_title":"Plan du site","og_description":"Sitemap - plan du site","og_url":"https:\/\/hommeahomme.ch\/en\/plan-du-site\/","og_site_name":"Homme \u00e0 homme","article_modified_time":"2023-11-09T19:56:10+00:00","twitter_card":"summary_large_image","schema":{"@context":"https:\/\/schema.org","@graph":[{"@type":"WebPage","@id":"https:\/\/hommeahomme.ch\/en\/plan-du-site\/","url":"https:\/\/hommeahomme.ch\/en\/plan-du-site\/","name":"Plan du site","isPartOf":{"@id":"https:\/\/hommeahomme.ch\/en\/#website"},"datePublished":"2022-04-12T08:24:22+00:00","dateModified":"2023-11-09T19:56:10+00:00","description":"Sitemap - plan du site","breadcrumb":{"@id":"https:\/\/hommeahomme.ch\/en\/plan-du-site\/#breadcrumb"},"inLanguage":"en-US","potentialAction":[{"@type":"ReadAction","target":["https:\/\/hommeahomme.ch\/en\/plan-du-site\/"]}]},{"@type":"BreadcrumbList","@id":"https:\/\/hommeahomme.ch\/en\/plan-du-site\/#breadcrumb","itemListElement":[{"@type":"ListItem","position":1,"name":"Accueil","item":"https:\/\/hommeahomme.ch\/en\/"},{"@type":"ListItem","position":2,"name":"Plan du site"}]},{"@type":"WebSite","@id":"https:\/\/hommeahomme.ch\/en\/#website","url":"https:\/\/hommeahomme.ch\/en\/","name":"Homme \u00e0 homme","description":"","potentialAction":[{"@type":"SearchAction","target":{"@type":"EntryPoint","urlTemplate":"https:\/\/hommeahomme.ch\/en\/?s={search_term_string}"},"query-input":{"@type":"PropertyValueSpecification","valueRequired":true,"valueName":"search_term_string"}}],"inLanguage":"en-US"}]}},"_links":{"self":[{"href":"https:\/\/hommeahomme.ch\/en\/wp-json\/wp\/v2\/pages\/955","targetHints":{"allow":["GET"]}}],"collection":[{"href":"https:\/\/hommeahomme.ch\/en\/wp-json\/wp\/v2\/pages"}],"about":[{"href":"https:\/\/hommeahomme.ch\/en\/wp-json\/wp\/v2\/types\/page"}],"author":[{"embeddable":true,"href":"https:\/\/hommeahomme.ch\/en\/wp-json\/wp\/v2\/users\/1"}],"replies":[{"embeddable":true,"href":"https:\/\/hommeahomme.ch\/en\/wp-json\/wp\/v2\/comments?post=955"}],"version-history":[{"count":1,"href":"https:\/\/hommeahomme.ch\/en\/wp-json\/wp\/v2\/pages\/955\/revisions"}],"predecessor-version":[{"id":956,"href":"https:\/\/hommeahomme.ch\/en\/wp-json\/wp\/v2\/pages\/955\/revisions\/956"}],"wp:attachment":[{"href":"https:\/\/hommeahomme.ch\/en\/wp-json\/wp\/v2\/media?parent=955"}],"curies":[{"name":"wp","href":"https:\/\/api.w.org\/{rel}","templated":true}]}}